{"id":2149,"date":"2022-09-30T10:31:23","date_gmt":"2022-09-30T08:31:23","guid":{"rendered":"https:\/\/www.bugatti-type52.commentions-legales\/"},"modified":"2022-09-30T10:31:23","modified_gmt":"2022-09-30T08:31:23","slug":"mentions-legales","status":"publish","type":"page","link":"https:\/\/www.bugatti-type52.com\/en\/mentions-legales\/","title":{"rendered":"Mentions l\u00e9gales"},"content":{"rendered":"\n<h1 class=\"has-text-align-center wp-block-heading\">Mentions l\u00e9gales<\/h1>\n\n\n\n<section class=\"wp-block-group alignwide pad-top\"><div class=\"wp-block-group__inner-container is-layout-flow wp-block-group-is-layout-flow\">\n<div class=\"wp-block-columns alignwide is-layout-flex wp-container-core-columns-is-layout-9d6595d7 wp-block-columns-is-layout-flex\">\n<div class=\"wp-block-column is-layout-flow wp-block-column-is-layout-flow\">\n<p><strong>Nations Racing Legends<\/strong><\/p>\n\n\n\n<p><strong>Si\u00e8ge de la soci\u00e9t\u00e9<\/strong><br>13 rue Beaulieu <br>34300 GRAU AGDE<br>France<\/p>\n\n\n\n<p><strong>Soci\u00e9t\u00e9 \u00e0 responsabilit\u00e9 limit\u00e9e<\/strong><br>Code APE XXXXX<br>SIREN 892 562 810<br>TVA FR47 892 562 810<br>RCS Beziers B 892 562 810<\/p>\n\n\n\n<p>Responsable de la r\u00e9daction et de la publication : <strong>Pierre Henri Raphanel<\/strong><\/p>\n<\/div>\n\n\n\n<div class=\"wp-block-column is-layout-flow wp-block-column-is-layout-flow\">\n<p><strong>H\u00e9bergement<\/strong><\/p>\n\n\n\n<p>Ce site est h\u00e9berg\u00e9 par la soci\u00e9t\u00e9<strong> Infomaniak<\/strong><\/p>\n\n\n\n<p><strong>Si\u00e8ge de la soci\u00e9t\u00e9<\/strong><br>Les Acacias, Gen\u00e8ve, Suisse<br>Registre du commerce du canton de Gen\u00e8ve<br>CH-660.0.059.996-1<br>Num\u00e9ro IDE<br>CHE-103.167.648<br>N\u00b0 TVA : CHE-103.167.648<\/p>\n<\/div>\n\n\n\n<div class=\"wp-block-column is-layout-flow wp-block-column-is-layout-flow\">\n<p><strong>Cr\u00e9dits<\/strong><\/p>\n\n\n\n<p>Photographies : <a href=\"https:\/\/hirmance.com\/\" data-type=\"URL\" data-id=\"https:\/\/hirmance.com\/\" target=\"_blank\" rel=\"noreferrer noopener\">Hirmance<\/a><\/p>\n\n\n\n<p>Vid\u00e9os : <a href=\"https:\/\/lavieestunfilm.com\/\" data-type=\"URL\" data-id=\"https:\/\/lavieestunfilm.com\/\" target=\"_blank\" rel=\"noreferrer noopener\">La vie est un film<\/a><\/p>\n\n\n\n<p>Webdesign : <a rel=\"noreferrer noopener\" href=\"https:\/\/www.studiowa.fr\" target=\"_blank\">studiowa.fr<\/a><\/p>\n<\/div>\n<\/div>\n<\/div><\/section>\n\n\n\n<section class=\"wp-block-group light\"><div class=\"wp-block-group__inner-container is-layout-flow wp-block-group-is-layout-flow\">\n<p class=\"has-text-align-center h3 has-black-color has-text-color\"><a href=\"https:\/\/www.bugatti-type52.com\/en\/contact-us\/\" data-type=\"page\" data-id=\"2147\">Contact us<\/a> for more information.<\/p>\n<\/div><\/section>\n","protected":false},"excerpt":{"rendered":"<p>Mentions l\u00e9gales Nations Racing Legends Si\u00e8ge de la soci\u00e9t\u00e913 rue Beaulieu 34300 GRAU AGDEFrance Soci\u00e9t\u00e9 \u00e0 responsabilit\u00e9 limit\u00e9eCode APE XXXXXSIREN 892 562 810TVA FR47 892 562 810RCS Beziers B 892 562 810 Responsable de la r\u00e9daction et de la publication : Pierre Henri Raphanel H\u00e9bergement Ce site est h\u00e9berg\u00e9 par la soci\u00e9t\u00e9 Infomaniak Si\u00e8ge de [&hellip;]<\/p>\n","protected":false},"author":1,"featured_media":0,"parent":0,"menu_order":0,"comment_status":"closed","ping_status":"closed","template":"","meta":{"_acf_changed":false,"_seopress_robots_primary_cat":"","_seopress_titles_title":"","_seopress_titles_desc":"","_seopress_robots_index":"yes","footnotes":""},"class_list":["post-2149","page","type-page","status-publish","hentry"],"acf":[],"_links":{"self":[{"href":"https:\/\/www.bugatti-type52.com\/en\/wp-json\/wp\/v2\/pages\/2149","targetHints":{"allow":["GET"]}}],"collection":[{"href":"https:\/\/www.bugatti-type52.com\/en\/wp-json\/wp\/v2\/pages"}],"about":[{"href":"https:\/\/www.bugatti-type52.com\/en\/wp-json\/wp\/v2\/types\/page"}],"author":[{"embeddable":true,"href":"https:\/\/www.bugatti-type52.com\/en\/wp-json\/wp\/v2\/users\/1"}],"replies":[{"embeddable":true,"href":"https:\/\/www.bugatti-type52.com\/en\/wp-json\/wp\/v2\/comments?post=2149"}],"version-history":[{"count":0,"href":"https:\/\/www.bugatti-type52.com\/en\/wp-json\/wp\/v2\/pages\/2149\/revisions"}],"wp:attachment":[{"href":"https:\/\/www.bugatti-type52.com\/en\/wp-json\/wp\/v2\/media?parent=2149"}],"curies":[{"name":"wp","href":"https:\/\/api.w.org\/{rel}","templated":true}]}}