{"id":2150,"date":"2022-08-18T09:22:45","date_gmt":"2022-08-18T07:22:45","guid":{"rendered":"https:\/\/www.bugatti-type52.compolitique-de-confidentialite\/"},"modified":"2023-05-09T09:52:17","modified_gmt":"2023-05-09T07:52:17","slug":"politique-de-confidentialite","status":"publish","type":"page","link":"https:\/\/www.bugatti-type52.com\/en\/politique-de-confidentialite\/","title":{"rendered":"Politique de confidentialit\u00e9"},"content":{"rendered":"\n<h1 class=\"wp-block-heading has-text-align-center\">Politique de confidentialit\u00e9<\/h1>\n\n\n\n<section class=\"wp-block-group alignwide pad-top\"><div class=\"wp-block-group__inner-container is-layout-flow wp-block-group-is-layout-flow\">\n<p>Le site www.bb-t52.com appartient \u00e0 l&#8217;a soci\u00e9t\u00e9 <strong>Nations Racing Legends<\/strong><\/p>\n\n\n\n<div class=\"wp-block-columns is-layout-flex wp-container-core-columns-is-layout-9d6595d7 wp-block-columns-is-layout-flex\">\n<div class=\"wp-block-column is-layout-flow wp-block-column-is-layout-flow\">\n<p><strong><strong>Si\u00e8ge de la soci\u00e9t\u00e9<\/strong> <\/strong><br>13 rue Beaulieu <br>34300 GRAU AGDE<br>France<\/p>\n\n\n\n<p>Responsable de la r\u00e9daction et de la publication : <strong>Pierre Henri Raphanel<\/strong><\/p>\n<\/div>\n\n\n\n<div class=\"wp-block-column is-layout-flow wp-block-column-is-layout-flow\">\n<p><strong>Soci\u00e9t\u00e9 \u00e0 responsabilit\u00e9 limit\u00e9e<\/strong><br>Code APE XXXXX<br>SIREN 892 562 810<br>TVA FR47 892 562 810<br>RCS Beziers B 892 562 810<\/p>\n<\/div>\n<\/div>\n\n\n\n<p><strong>Cookies et contenus embarqu\u00e9s depuis d\u2019autres sites<\/strong><\/p>\n\n\n\n<p>Le contenu int\u00e9gr\u00e9 depuis d\u2019autres sites se comporte de la m\u00eame mani\u00e8re que si le visiteur se rendait sur cet autre site.<\/p>\n\n\n\n<p>Ces sites web pourraient collecter des donn\u00e9es sur vous, utiliser des cookies, embarquer des outils de suivis tiers, suivre vos interactions avec ces contenus embarqu\u00e9s si vous disposez d\u2019un compte connect\u00e9 sur leur site web.<\/p>\n\n\n\n<p>Veuillez noter que vous pouvez param\u00e9trer votre navigateur de fa\u00e7on \u00e0 \u00eatre inform\u00e9 de la pr\u00e9sence de cookies et de la possibilit\u00e9 de pouvoir d\u00e9cider individuellement de leur acceptation ou de leur exclusion, et ce au cas par cas ou de mani\u00e8re plus g\u00e9n\u00e9rale. La gestion des param\u00e9trages des cookies est propre \u00e0 chaque navigateur. Veuillez-vous r\u00e9f\u00e9rer au menu d\u2019aide de votre navigateur pour conna\u00eetre les modalit\u00e9s de param\u00e9trage existantes.<\/p>\n\n\n\n<p>Les informations sur le param\u00e9trage des cookies sur les divers navigateurs sont disponibles sous les liens suivants :<\/p>\n\n\n\n<p><a href=\"https:\/\/support.microsoft.com\/fr-fr\/help\/17442\/windows-internet-explorer-delete-manage-cookies\" target=\"_blank\" rel=\"noreferrer noopener\">Internet Explorer<\/a> \/ <a href=\"https:\/\/support.mozilla.org\/fr\/kb\/activer-desactiver-cookies-preferences\" target=\"_blank\" rel=\"noreferrer noopener\">Firefox<\/a> \/ <a href=\"https:\/\/support.google.com\/accounts\/answer\/61416?co=GENIE.Platform%3DDesktop&amp;hl=fr\" target=\"_blank\" rel=\"noreferrer noopener\">Chrome<\/a> \/ <a href=\"https:\/\/support.apple.com\/kb\/PH21411?locale=de_DE&amp;viewlocale=fr_FR\" target=\"_blank\" rel=\"noreferrer noopener\">Safari<\/a> \/ <a href=\"http:\/\/help.opera.com\/Windows\/10.20\/fr\/cookies.html\" target=\"_blank\" rel=\"noreferrer noopener\">Opera<\/a><\/p>\n\n\n\n<p>Veuillez noter que les fonctionnalit\u00e9s de notre site web peuvent \u00eatre limit\u00e9es dans le cas o\u00f9 vous refusez l\u2019utilisation de cookies.<\/p>\n\n\n\n<p><strong>Statistiques et mesures d\u2019audience<\/strong><\/p>\n\n\n\n<p>Le site utilise Matomo, plateforme open source d\u2019analyse pour sites web recommand\u00e9 par la CNIL. Les donn\u00e9es r\u00e9colt\u00e9es sont anonymis\u00e9es.<\/p>\n\n\n\n<p><strong>Utilisation et transmission de vos donn\u00e9es personnelles<\/strong><\/p>\n\n\n\n<p>Les informations recueillies via le formulaire de contact sont enregistr\u00e9es dans un fichier informatis\u00e9 par la soci\u00e9t\u00e9 Nations Racing Legends pour r\u00e9pondre \u00e0 votre demande d\u2019information. En envoyant le formulaire vous consentez \u00e0 ce que nous collections et traitions vos donn\u00e9es personnelles dans le cadre pr\u00e9cis de votre demande de renseignements et de la relation commerciale qui pourrait en d\u00e9couler.&nbsp;<\/p>\n\n\n\n<p>La base l\u00e9gale du traitement est le consentement, recueilli (case \u00e0 cocher), libre, clair et sans \u00e9quivoque.&nbsp;<\/p>\n\n\n\n<p>Vos donn\u00e9es trait\u00e9es sont les donn\u00e9es d\u2019identification et les d\u00e9tails de votre \u00e9v\u00e9nement : nom, pr\u00e9nom, email, t\u00e9l\u00e9phone, fonction, soci\u00e9t\u00e9, type d\u2019\u00e9v\u00e9nement, mode de l\u2019\u00e9v\u00e9nement, date de l\u2019\u00e9v\u00e9nement, lieu de l\u2019\u00e9v\u00e9nement, dur\u00e9e de l\u2019\u00e9v\u00e9nement, nombre de participants \u00e0 l\u2019\u00e9v\u00e9nement, description de l\u2019\u00e9v\u00e9nement.<\/p>\n\n\n\n<p>Vos donn\u00e9es sont trait\u00e9es par la personne en charge de la gestion commerciale, membre du personnel habilit\u00e9 de la soci\u00e9t\u00e9 Nations Racing Legends.&nbsp;<\/p>\n\n\n\n<p>Vos donn\u00e9es personnelles sont conserv\u00e9es pour la dur\u00e9e n\u00e9cessaire au traitement de votre demande d\u2019information.<\/p>\n\n\n\n<p>Vous pouvez acc\u00e9der aux donn\u00e9es vous concernant, les rectifier, demander leur effacement ou exercer votre droit \u00e0 la limitation du traitement de vos donn\u00e9es. Vous pouvez retirer \u00e0 tout moment votre consentement au traitement de vos donn\u00e9es. Vous pouvez \u00e9galement vous opposer au traitement de vos donn\u00e9es et exercer votre droit \u00e0 la portabilit\u00e9 de vos donn\u00e9es.&nbsp;<\/p>\n\n\n\n<p><strong>Les droits que vous avez sur vos donn\u00e9es<\/strong><\/p>\n\n\n\n<p>Vous pouvez demander la suppression des donn\u00e9es personnelles vous concernant nous contactant <a href=\"https:\/\/www.bugatti-type52.com\/en\/contactez-nous\/\" data-type=\"page\" data-id=\"894\">par e-mail<\/a>. Cela ne prend pas en compte les donn\u00e9es stock\u00e9es \u00e0 des fins administratives, l\u00e9gales ou pour des raisons de s\u00e9curit\u00e9.<\/p>\n<\/div><\/section>\n\n\n\n<section class=\"wp-block-group light\"><div class=\"wp-block-group__inner-container is-layout-flow wp-block-group-is-layout-flow\">\n<p class=\"has-text-align-center h3 has-black-color has-text-color\"><a href=\"https:\/\/www.bugatti-type52.com\/en\/contact-us\/\" data-type=\"page\" data-id=\"2147\">Contact us<\/a> for more information.<\/p>\n<\/div><\/section>\n","protected":false},"excerpt":{"rendered":"<p>Politique de confidentialit\u00e9 Le site www.bb-t52.com appartient \u00e0 l&#8217;a soci\u00e9t\u00e9 Nations Racing Legends Si\u00e8ge de la soci\u00e9t\u00e9 13 rue Beaulieu 34300 GRAU AGDEFrance Responsable de la r\u00e9daction et de la publication : Pierre Henri Raphanel Soci\u00e9t\u00e9 \u00e0 responsabilit\u00e9 limit\u00e9eCode APE XXXXXSIREN 892 562 810TVA FR47 892 562 810RCS Beziers B 892 562 810 Cookies et [&hellip;]<\/p>\n","protected":false},"author":1,"featured_media":0,"parent":0,"menu_order":0,"comment_status":"closed","ping_status":"closed","template":"","meta":{"_acf_changed":false,"_seopress_robots_primary_cat":"","_seopress_titles_title":"","_seopress_titles_desc":"","_seopress_robots_index":"yes","footnotes":""},"class_list":["post-2150","page","type-page","status-publish","hentry"],"acf":[],"_links":{"self":[{"href":"https:\/\/www.bugatti-type52.com\/en\/wp-json\/wp\/v2\/pages\/2150","targetHints":{"allow":["GET"]}}],"collection":[{"href":"https:\/\/www.bugatti-type52.com\/en\/wp-json\/wp\/v2\/pages"}],"about":[{"href":"https:\/\/www.bugatti-type52.com\/en\/wp-json\/wp\/v2\/types\/page"}],"author":[{"embeddable":true,"href":"https:\/\/www.bugatti-type52.com\/en\/wp-json\/wp\/v2\/users\/1"}],"replies":[{"embeddable":true,"href":"https:\/\/www.bugatti-type52.com\/en\/wp-json\/wp\/v2\/comments?post=2150"}],"version-history":[{"count":1,"href":"https:\/\/www.bugatti-type52.com\/en\/wp-json\/wp\/v2\/pages\/2150\/revisions"}],"predecessor-version":[{"id":2152,"href":"https:\/\/www.bugatti-type52.com\/en\/wp-json\/wp\/v2\/pages\/2150\/revisions\/2152"}],"wp:attachment":[{"href":"https:\/\/www.bugatti-type52.com\/en\/wp-json\/wp\/v2\/media?parent=2150"}],"curies":[{"name":"wp","href":"https:\/\/api.w.org\/{rel}","templated":true}]}}